{"id":1546,"date":"2025-11-03T16:50:59","date_gmt":"2025-11-03T16:50:59","guid":{"rendered":"https:\/\/action-territoire.fr\/?page_id=1546"},"modified":"2025-12-01T09:33:57","modified_gmt":"2025-12-01T09:33:57","slug":"demande-de-financement","status":"publish","type":"page","link":"https:\/\/action-territoire.fr\/?page_id=1546","title":{"rendered":"Demande de financement"},"content":{"rendered":"\t\t<div data-elementor-type=\"wp-page\" data-elementor-id=\"1546\" class=\"elementor elementor-1546\">\n\t\t\t\t<div class=\"elementor-element elementor-element-afbd478 e-flex e-con-boxed e-con e-parent\" data-id=\"afbd478\" data-element_type=\"container\">\n\t\t\t\t\t<div class=\"e-con-inner\">\n\t\t<div class=\"elementor-element elementor-element-9391d73 e-con-full e-flex e-con e-child\" data-id=\"9391d73\" data-element_type=\"container\">\n\t\t\t\t<div class=\"elementor-element elementor-element-2c9127c elementor-widget elementor-widget-text-editor\" data-id=\"2c9127c\" data-element_type=\"widget\" data-widget_type=\"text-editor.default\">\n\t\t\t\t\t\t\t\t\t<h3>Structurer la demande de financement<b><\/b><\/h2>\t\t\t\t\t\t\t\t<\/div>\n\t\t\t\t<div class=\"elementor-element elementor-element-d498ff9 elementor-widget__width-initial elementor-invisible elementor-widget elementor-widget-image\" data-id=\"d498ff9\" data-element_type=\"widget\" data-settings=\"{&quot;_animation&quot;:&quot;fadeInDown&quot;}\" data-widget_type=\"image.default\">\n\t\t\t\t\t\t\t\t\t\t\t\t\t\t\t<img fetchpriority=\"high\" decoding=\"async\" width=\"300\" height=\"300\" src=\"https:\/\/action-territoire.fr\/wp-content\/uploads\/2025\/11\/FINANCEMEBTWIDG-300x300.png\" class=\"attachment-medium size-medium wp-image-1237\" alt=\"\" srcset=\"https:\/\/action-territoire.fr\/wp-content\/uploads\/2025\/11\/FINANCEMEBTWIDG-300x300.png 300w, https:\/\/action-territoire.fr\/wp-content\/uploads\/2025\/11\/FINANCEMEBTWIDG-150x150.png 150w, https:\/\/action-territoire.fr\/wp-content\/uploads\/2025\/11\/FINANCEMEBTWIDG-768x768.png 768w, https:\/\/action-territoire.fr\/wp-content\/uploads\/2025\/11\/FINANCEMEBTWIDG-600x600.png 600w, https:\/\/action-territoire.fr\/wp-content\/uploads\/2025\/11\/FINANCEMEBTWIDG-100x100.png 100w, https:\/\/action-territoire.fr\/wp-content\/uploads\/2025\/11\/FINANCEMEBTWIDG.png 1024w\" sizes=\"(max-width: 300px) 100vw, 300px\" \/>\t\t\t\t\t\t\t\t\t\t\t\t\t\t\t<\/div>\n\t\t\t\t<\/div>\n\t\t<div class=\"elementor-element elementor-element-0c2e436 e-con-full e-flex e-con e-child\" data-id=\"0c2e436\" data-element_type=\"container\">\n\t\t<div class=\"elementor-element elementor-element-d85294a e-con-full e-flex e-con e-child\" data-id=\"d85294a\" data-element_type=\"container\">\n\t\t\t\t<div class=\"elementor-element elementor-element-3333480 elementor-widget elementor-widget-text-editor\" data-id=\"3333480\" data-element_type=\"widget\" data-widget_type=\"text-editor.default\">\n\t\t\t\t\t\t\t\t\t<h4>S\u00e9curiser les dossiers pour convaincre les financeurs<\/h4>\t\t\t\t\t\t\t\t<\/div>\n\t\t\t\t<div class=\"elementor-element elementor-element-5a0a9e1 elementor-widget elementor-widget-text-editor\" data-id=\"5a0a9e1\" data-element_type=\"widget\" data-widget_type=\"text-editor.default\">\n\t\t\t\t\t\t\t\t\t<p><b>Identifier<\/b>, <b>construire<\/b> et <b>formaliser<\/b> un dossier solide demande du <b>temps<\/b>, de la <b>m\u00e9thode<\/b> et une bonne connaissance des <b>dispositifs existants<\/b>.<\/p><p>Action Territoire accompagne les TPE, PME et structures associatives dans la <b>pr\u00e9paration<\/b> et la <b>structuration<\/b> de leurs demandes de financement, en adaptant la d\u00e9marche au <b>secteur<\/b> et aux <b>objectifs<\/b> de chaque structure.<\/p><p><b>Objectif<\/b><b><\/b><\/p><p>Garantir un dossier <b>clair<\/b>, <b>coh\u00e9rent<\/b> et <b>argument\u00e9<\/b>, r\u00e9pondant aux <b>attentes des financeurs<\/b> tout en valorisant la <b>pertinence du projet<\/b>.<\/p>\t\t\t\t\t\t\t\t<\/div>\n\t\t\t\t<div class=\"elementor-element elementor-element-bf91c0a elementor-widget elementor-widget-text-editor\" data-id=\"bf91c0a\" data-element_type=\"widget\" data-widget_type=\"text-editor.default\">\n\t\t\t\t\t\t\t\t\t<h4>Contenu de l&#8217;accompagnement\t\t\t\t\t\t\t\t<\/div>\n\t\t\t\t<div class=\"elementor-element elementor-element-0300308 elementor-widget elementor-widget-text-editor\" data-id=\"0300308\" data-element_type=\"widget\" data-widget_type=\"text-editor.default\">\n\t\t\t\t\t\t\t\t\t<p><strong>Analyse du besoin et du contexte<\/strong> : pr\u00e9ciser les objectifs, les contraintes et les leviers du projet.<\/p><p><strong>Identification des financements mobilisables<\/strong> : subventions, appels \u00e0 projets, aides \u00e0l\u2019investissement, dispositifs publics ou parapublics.<\/p><p><strong>Structuration du dossier<\/strong> : budget pr\u00e9visionnel, argumentaire, plan d\u2019action.<\/p><p><strong>Accompagnement jusqu<\/strong><strong>\u2019\u00e0<\/strong><strong> la validation du dossier<\/strong> : relecture, ajustements, d\u00e9p\u00f4t ou transmission.<\/p>\t\t\t\t\t\t\t\t<\/div>\n\t\t\t\t<div class=\"elementor-element elementor-element-ad16d75 elementor-widget elementor-widget-text-editor\" data-id=\"ad16d75\" data-element_type=\"widget\" data-widget_type=\"text-editor.default\">\n\t\t\t\t\t\t\t\t\t<p><b>Exemple concret<\/b><b><\/b><\/p><p>Une entreprise artisanale souhaitait <b>moderniser son atelier<\/b> et <b>renforcer sa capacit\u00e9 de production<\/b>.<\/p><p>Apr\u00e8s un <b>diagnostic du projet<\/b>, plusieurs <b>dispositifs de financement<\/b> ont \u00e9t\u00e9 identifi\u00e9s, et un <b>dossier complet<\/b> a \u00e9t\u00e9 structur\u00e9 et transmis au financeur.<\/p><p><b>R\u00e9sultat<\/b> : le projet a \u00e9t\u00e9 <b>valid\u00e9<\/b>, les <b>investissements r\u00e9alis\u00e9s<\/b>, et l\u2019activit\u00e9 <b>consolid\u00e9e<\/b>.<\/p>\t\t\t\t\t\t\t\t<\/div>\n\t\t\t\t<\/div>\n\t\t<div class=\"elementor-element elementor-element-bede8cd e-con-full e-flex e-con e-child\" data-id=\"bede8cd\" data-element_type=\"container\">\n\t\t\t\t<\/div>\n\t\t\t\t<\/div>\n\t\t\t\t\t<\/div>\n\t\t\t\t<\/div>\n\t\t<div class=\"elementor-element elementor-element-8f7aa64 e-flex e-con-boxed e-con e-parent\" data-id=\"8f7aa64\" data-element_type=\"container\">\n\t\t\t\t\t<div class=\"e-con-inner\">\n\t\t\t\t<div class=\"elementor-element elementor-element-96e2820 elementor-widget-divider--view-line elementor-widget elementor-widget-divider\" data-id=\"96e2820\" data-element_type=\"widget\" data-widget_type=\"divider.default\">\n\t\t\t\t\t\t\t<div class=\"elementor-divider\">\n\t\t\t<span class=\"elementor-divider-separator\">\n\t\t\t\t\t\t<\/span>\n\t\t<\/div>\n\t\t\t\t\t\t<\/div>\n\t\t\t\t<div class=\"elementor-element elementor-element-c86d4f4 elementor-widget elementor-widget-text-editor\" data-id=\"c86d4f4\" data-element_type=\"widget\" data-widget_type=\"text-editor.default\">\n\t\t\t\t\t\t\t\t\t<h4>Passez \u00e0 l&#8217;action\t\t\t\t\t\t\t\t<\/div>\n\t\t\t\t<div class=\"elementor-element elementor-element-c06d9e7 elementor-widget elementor-widget-text-editor\" data-id=\"c06d9e7\" data-element_type=\"widget\" data-widget_type=\"text-editor.default\">\n\t\t\t\t\t\t\t\t\t<p>Pendant que l\u2019activit\u00e9 avance, Action Territoire s\u2019occupe de la <b>coh\u00e9rence<\/b> et du <b>montage du financement<\/b>.<\/p>\t\t\t\t\t\t\t\t<\/div>\n\t\t\t\t<div class=\"elementor-element elementor-element-27aff16 elementor-widget elementor-widget-button\" data-id=\"27aff16\" data-element_type=\"widget\" data-widget_type=\"button.default\">\n\t\t\t\t\t\t\t\t\t\t<a class=\"elementor-button elementor-button-link elementor-size-sm\" href=\"https:\/\/calendly.com\/lou-bourdon07\/30min?month=2025-11\">\n\t\t\t\t\t\t<span class=\"elementor-button-content-wrapper\">\n\t\t\t\t\t\t<span class=\"elementor-button-icon\">\n\t\t\t\t<svg aria-hidden=\"true\" class=\"e-font-icon-svg e-far-calendar\" viewBox=\"0 0 448 512\" xmlns=\"http:\/\/www.w3.org\/2000\/svg\"><path d=\"M400 64h-48V12c0-6.6-5.4-12-12-12h-40c-6.6 0-12 5.4-12 12v52H160V12c0-6.6-5.4-12-12-12h-40c-6.6 0-12 5.4-12 12v52H48C21.5 64 0 85.5 0 112v352c0 26.5 21.5 48 48 48h352c26.5 0 48-21.5 48-48V112c0-26.5-21.5-48-48-48zm-6 400H54c-3.3 0-6-2.7-6-6V160h352v298c0 3.3-2.7 6-6 6z\"><\/path><\/svg>\t\t\t<\/span>\n\t\t\t\t\t\t\t\t\t<span class=\"elementor-button-text\">Choisissez un cr\u00e9neau RDV flash gratuit<\/span>\n\t\t\t\t\t<\/span>\n\t\t\t\t\t<\/a>\n\t\t\t\t\t\t\t\t<\/div>\n\t\t\t\t<div class=\"elementor-element elementor-element-54c8289 elementor-widget elementor-widget-spacer\" data-id=\"54c8289\" data-element_type=\"widget\" data-widget_type=\"spacer.default\">\n\t\t\t\t\t\t\t<div class=\"elementor-spacer\">\n\t\t\t<div class=\"elementor-spacer-inner\"><\/div>\n\t\t<\/div>\n\t\t\t\t\t\t<\/div>\n\t\t\t\t<div class=\"elementor-element elementor-element-b859a46 elementor-align-center elementor-widget elementor-widget-button\" data-id=\"b859a46\" data-element_type=\"widget\" data-widget_type=\"button.default\">\n\t\t\t\t\t\t\t\t\t\t<a class=\"elementor-button elementor-button-link elementor-size-sm\" href=\"https:\/\/action-territoire.fr\">\n\t\t\t\t\t\t<span class=\"elementor-button-content-wrapper\">\n\t\t\t\t\t\t\t\t\t<span class=\"elementor-button-text\">Accueil<\/span>\n\t\t\t\t\t<\/span>\n\t\t\t\t\t<\/a>\n\t\t\t\t\t\t\t\t<\/div>\n\t\t\t\t\t<\/div>\n\t\t\t\t<\/div>\n\t\t\t\t<\/div>\n\t\t","protected":false},"excerpt":{"rendered":"<p>Structurer la demande de financement S\u00e9curiser les dossiers pour convaincre les financeurs Identifier, construire et formaliser un dossier solide demande du temps, de la m\u00e9thode et une bonne connaissance des dispositifs existants. Action Territoire accompagne les TPE, PME et structures associatives dans la pr\u00e9paration et la structuration de leurs demandes de financement, en adaptant la [&hellip;]<\/p>\n","protected":false},"author":1,"featured_media":0,"parent":0,"menu_order":0,"comment_status":"closed","ping_status":"closed","template":"","meta":{"_themeisle_gutenberg_block_has_review":false,"footnotes":""},"class_list":["post-1546","page","type-page","status-publish","hentry"],"_links":{"self":[{"href":"https:\/\/action-territoire.fr\/index.php?rest_route=\/wp\/v2\/pages\/1546","targetHints":{"allow":["GET"]}}],"collection":[{"href":"https:\/\/action-territoire.fr\/index.php?rest_route=\/wp\/v2\/pages"}],"about":[{"href":"https:\/\/action-territoire.fr\/index.php?rest_route=\/wp\/v2\/types\/page"}],"author":[{"embeddable":true,"href":"https:\/\/action-territoire.fr\/index.php?rest_route=\/wp\/v2\/users\/1"}],"replies":[{"embeddable":true,"href":"https:\/\/action-territoire.fr\/index.php?rest_route=%2Fwp%2Fv2%2Fcomments&post=1546"}],"version-history":[{"count":25,"href":"https:\/\/action-territoire.fr\/index.php?rest_route=\/wp\/v2\/pages\/1546\/revisions"}],"predecessor-version":[{"id":1989,"href":"https:\/\/action-territoire.fr\/index.php?rest_route=\/wp\/v2\/pages\/1546\/revisions\/1989"}],"wp:attachment":[{"href":"https:\/\/action-territoire.fr\/index.php?rest_route=%2Fwp%2Fv2%2Fmedia&parent=1546"}],"curies":[{"name":"wp","href":"https:\/\/api.w.org\/{rel}","templated":true}]}}