{"id":1596,"date":"2025-11-05T17:37:56","date_gmt":"2025-11-05T17:37:56","guid":{"rendered":"https:\/\/action-territoire.fr\/?page_id=1596"},"modified":"2025-12-01T09:29:09","modified_gmt":"2025-12-01T09:29:09","slug":"etude-de-faisabilite","status":"publish","type":"page","link":"https:\/\/action-territoire.fr\/?page_id=1596","title":{"rendered":"\u00c9tude de faisabilit\u00e9"},"content":{"rendered":"\t\t<div data-elementor-type=\"wp-page\" data-elementor-id=\"1596\" class=\"elementor elementor-1596\">\n\t\t\t\t<div class=\"elementor-element elementor-element-afbd478 e-flex e-con-boxed e-con e-parent\" data-id=\"afbd478\" data-element_type=\"container\">\n\t\t\t\t\t<div class=\"e-con-inner\">\n\t\t<div class=\"elementor-element elementor-element-9391d73 e-con-full e-flex e-con e-child\" data-id=\"9391d73\" data-element_type=\"container\">\n\t\t\t\t<div class=\"elementor-element elementor-element-2c9127c elementor-widget elementor-widget-text-editor\" data-id=\"2c9127c\" data-element_type=\"widget\" data-widget_type=\"text-editor.default\">\n\t\t\t\t\t\t\t\t\t<h3>Analyser pour d\u00e9cider avec clart\u00e9<\/h4>\t\t\t\t\t\t\t\t<\/div>\n\t\t\t\t<div class=\"elementor-element elementor-element-d498ff9 elementor-widget__width-initial elementor-invisible elementor-widget elementor-widget-image\" data-id=\"d498ff9\" data-element_type=\"widget\" data-settings=\"{&quot;_animation&quot;:&quot;fadeInDown&quot;}\" data-widget_type=\"image.default\">\n\t\t\t\t\t\t\t\t\t\t\t\t\t\t\t<img fetchpriority=\"high\" decoding=\"async\" width=\"300\" height=\"300\" src=\"https:\/\/action-territoire.fr\/wp-content\/uploads\/2025\/11\/ETUDEFAISA-300x300.png\" class=\"attachment-medium size-medium wp-image-1239\" alt=\"\" srcset=\"https:\/\/action-territoire.fr\/wp-content\/uploads\/2025\/11\/ETUDEFAISA-300x300.png 300w, https:\/\/action-territoire.fr\/wp-content\/uploads\/2025\/11\/ETUDEFAISA-150x150.png 150w, https:\/\/action-territoire.fr\/wp-content\/uploads\/2025\/11\/ETUDEFAISA-768x768.png 768w, https:\/\/action-territoire.fr\/wp-content\/uploads\/2025\/11\/ETUDEFAISA-600x600.png 600w, https:\/\/action-territoire.fr\/wp-content\/uploads\/2025\/11\/ETUDEFAISA-100x100.png 100w, https:\/\/action-territoire.fr\/wp-content\/uploads\/2025\/11\/ETUDEFAISA.png 1024w\" sizes=\"(max-width: 300px) 100vw, 300px\" \/>\t\t\t\t\t\t\t\t\t\t\t\t\t\t\t<\/div>\n\t\t\t\t<div class=\"elementor-element elementor-element-ad16d75 elementor-widget elementor-widget-text-editor\" data-id=\"ad16d75\" data-element_type=\"widget\" data-widget_type=\"text-editor.default\">\n\t\t\t\t\t\t\t\t\t<h4>Exemple concret\t\t\t\t\t\t\t\t<\/div>\n\t\t\t\t<div class=\"elementor-element elementor-element-f122a88 elementor-widget elementor-widget-text-editor\" data-id=\"f122a88\" data-element_type=\"widget\" data-widget_type=\"text-editor.default\">\n\t\t\t\t\t\t\t\t\t<div><p>Une entreprise artisanale souhaite d\u00e9velopper une nouvelle activit\u00e9 compl\u00e9mentaire.<\/p><\/div><div><p>L\u2019\u00e9tude de faisabilit\u00e9 a permis de confirmer la coh\u00e9rence du projet, de d\u00e9finir un mod\u00e8le \u00e9conomique viable et de mobiliser des partenaires locaux pour soutenir le lancement.<\/p><\/div>\t\t\t\t\t\t\t\t<\/div>\n\t\t\t\t<\/div>\n\t\t<div class=\"elementor-element elementor-element-0c2e436 e-con-full e-flex e-con e-child\" data-id=\"0c2e436\" data-element_type=\"container\">\n\t\t<div class=\"elementor-element elementor-element-d85294a e-con-full e-flex e-con e-child\" data-id=\"d85294a\" data-element_type=\"container\">\n\t\t\t\t<div class=\"elementor-element elementor-element-3333480 elementor-widget elementor-widget-text-editor\" data-id=\"3333480\" data-element_type=\"widget\" data-widget_type=\"text-editor.default\">\n\t\t\t\t\t\t\t\t\t<h4>Evaluer la viabilit\u00e9 d&#8217;un projet avant de se lancer\t\t\t\t\t\t\t\t<\/div>\n\t\t\t\t<\/div>\n\t\t<div class=\"elementor-element elementor-element-bede8cd e-con-full e-flex e-con e-child\" data-id=\"bede8cd\" data-element_type=\"container\">\n\t\t\t\t<div class=\"elementor-element elementor-element-5a0a9e1 elementor-widget elementor-widget-text-editor\" data-id=\"5a0a9e1\" data-element_type=\"widget\" data-widget_type=\"text-editor.default\">\n\t\t\t\t\t\t\t\t\t<p><b>L\u2019\u00e9tude de faisabilit\u00e9<\/b> permet de v\u00e9rifier la <b>viabilit\u00e9<\/b> d\u2019un projet avant de s\u2019engager.<\/p><p>Pour une TPE ou une PME, c\u2019est une \u00e9tape <b>d\u00e9cisive<\/b> pour transformer une id\u00e9e en projet <b>concret<\/b>, <b>r\u00e9aliste<\/b> et <b>soutenable<\/b>.<\/p><p>Elle apporte un <b>regard ext\u00e9rieur<\/b>, <b>m\u00e9thodique<\/b> et <b>objectif<\/b>, pour <b>s\u00e9curiser<\/b> les choix strat\u00e9giques et \u00e9viter les mauvaises surprises.<\/p><p><b>Objectif<\/b><b><\/b><\/p><p><b>Identifier<\/b> les <b>conditions de r\u00e9ussite<\/b> d\u2019un projet et <b>anticiper<\/b> les <b>risques<\/b>.<\/p><p><b>Mesurer<\/b> la <b>faisabilit\u00e9 technique<\/b>, <b>humaine<\/b>, <b>financi\u00e8re<\/b> et <b>partenariale<\/b> pour <b>orienter la d\u00e9cision<\/b> et <b>prioriser les actions<\/b>.<\/p>\t\t\t\t\t\t\t\t<\/div>\n\t\t\t\t<div class=\"elementor-element elementor-element-bf91c0a elementor-widget elementor-widget-text-editor\" data-id=\"bf91c0a\" data-element_type=\"widget\" data-widget_type=\"text-editor.default\">\n\t\t\t\t\t\t\t\t\t<h4>Contenu de l&#8217;accompagnement\t\t\t\t\t\t\t\t<\/div>\n\t\t\t\t<div class=\"elementor-element elementor-element-0300308 elementor-widget elementor-widget-text-editor\" data-id=\"0300308\" data-element_type=\"widget\" data-widget_type=\"text-editor.default\">\n\t\t\t\t\t\t\t\t\t<p>\u2022 <b>Analyse<\/b> du contexte et des <b>besoins r\u00e9els<\/b> de l\u2019entreprise<\/p><p>\u2022 <b>\u00c9tude<\/b> des <b>ressources disponibles<\/b> (humaines, mat\u00e9rielles, financi\u00e8res)<\/p><p>\u2022 <b>Identification<\/b> des <b>freins<\/b> et <b>leviers<\/b> de mise en \u0153uvre<\/p><p>\u2022 <b>Proposition<\/b> de <b>sc\u00e9narios de d\u00e9veloppement<\/b> et <b>plan d\u2019action<\/b> associ\u00e9<\/p><p>\u2022 <b>Pr\u00e9conisations<\/b> pour la <b>recherche de financements<\/b> et <b>partenariats<\/b><\/p>\t\t\t\t\t\t\t\t<\/div>\n\t\t\t\t<\/div>\n\t\t\t\t<\/div>\n\t\t\t\t\t<\/div>\n\t\t\t\t<\/div>\n\t\t<div class=\"elementor-element elementor-element-8f7aa64 e-flex e-con-boxed e-con e-parent\" data-id=\"8f7aa64\" data-element_type=\"container\">\n\t\t\t\t\t<div class=\"e-con-inner\">\n\t\t\t\t<div class=\"elementor-element elementor-element-96e2820 elementor-widget-divider--view-line elementor-widget elementor-widget-divider\" data-id=\"96e2820\" data-element_type=\"widget\" data-widget_type=\"divider.default\">\n\t\t\t\t\t\t\t<div class=\"elementor-divider\">\n\t\t\t<span class=\"elementor-divider-separator\">\n\t\t\t\t\t\t<\/span>\n\t\t<\/div>\n\t\t\t\t\t\t<\/div>\n\t\t\t\t<div class=\"elementor-element elementor-element-42b6ef8 elementor-widget elementor-widget-text-editor\" data-id=\"42b6ef8\" data-element_type=\"widget\" data-widget_type=\"text-editor.default\">\n\t\t\t\t\t\t\t\t\t<h4>Passez \u00e0 l&#8217;action\t\t\t\t\t\t\t\t<\/div>\n\t\t\t\t<div class=\"elementor-element elementor-element-c06d9e7 elementor-widget elementor-widget-text-editor\" data-id=\"c06d9e7\" data-element_type=\"widget\" data-widget_type=\"text-editor.default\">\n\t\t\t\t\t\t\t\t\t<p>Avant d\u2019investir du <b>temps<\/b> et des <b>ressources<\/b>, <b>l\u2019\u00e9tude de faisabilit\u00e9<\/b> permet de s\u2019assurer que le projet repose sur des <b>bases solides<\/b>.<\/p><p>Action Territoire agit aux c\u00f4t\u00e9s des entreprises qui veulent <b>d\u00e9cider en toute clart\u00e9<\/b>.<\/p>\t\t\t\t\t\t\t\t<\/div>\n\t\t\t\t<div class=\"elementor-element elementor-element-27aff16 elementor-widget elementor-widget-button\" data-id=\"27aff16\" data-element_type=\"widget\" data-widget_type=\"button.default\">\n\t\t\t\t\t\t\t\t\t\t<a class=\"elementor-button elementor-button-link elementor-size-sm\" href=\"https:\/\/calendly.com\/lou-bourdon07\/30min?month=2025-11\">\n\t\t\t\t\t\t<span class=\"elementor-button-content-wrapper\">\n\t\t\t\t\t\t<span class=\"elementor-button-icon\">\n\t\t\t\t<svg aria-hidden=\"true\" class=\"e-font-icon-svg e-far-calendar\" viewBox=\"0 0 448 512\" xmlns=\"http:\/\/www.w3.org\/2000\/svg\"><path d=\"M400 64h-48V12c0-6.6-5.4-12-12-12h-40c-6.6 0-12 5.4-12 12v52H160V12c0-6.6-5.4-12-12-12h-40c-6.6 0-12 5.4-12 12v52H48C21.5 64 0 85.5 0 112v352c0 26.5 21.5 48 48 48h352c26.5 0 48-21.5 48-48V112c0-26.5-21.5-48-48-48zm-6 400H54c-3.3 0-6-2.7-6-6V160h352v298c0 3.3-2.7 6-6 6z\"><\/path><\/svg>\t\t\t<\/span>\n\t\t\t\t\t\t\t\t\t<span class=\"elementor-button-text\">Choisissez un cr\u00e9neau RDV flash gratuit<\/span>\n\t\t\t\t\t<\/span>\n\t\t\t\t\t<\/a>\n\t\t\t\t\t\t\t\t<\/div>\n\t\t\t\t<div class=\"elementor-element elementor-element-54c8289 elementor-widget elementor-widget-spacer\" data-id=\"54c8289\" data-element_type=\"widget\" data-widget_type=\"spacer.default\">\n\t\t\t\t\t\t\t<div class=\"elementor-spacer\">\n\t\t\t<div class=\"elementor-spacer-inner\"><\/div>\n\t\t<\/div>\n\t\t\t\t\t\t<\/div>\n\t\t\t\t<div class=\"elementor-element elementor-element-b859a46 elementor-align-center elementor-widget elementor-widget-button\" data-id=\"b859a46\" data-element_type=\"widget\" data-widget_type=\"button.default\">\n\t\t\t\t\t\t\t\t\t\t<a class=\"elementor-button elementor-button-link elementor-size-sm\" href=\"https:\/\/action-territoire.fr\">\n\t\t\t\t\t\t<span class=\"elementor-button-content-wrapper\">\n\t\t\t\t\t\t\t\t\t<span class=\"elementor-button-text\">Accueil<\/span>\n\t\t\t\t\t<\/span>\n\t\t\t\t\t<\/a>\n\t\t\t\t\t\t\t\t<\/div>\n\t\t\t\t\t<\/div>\n\t\t\t\t<\/div>\n\t\t\t\t<\/div>\n\t\t","protected":false},"excerpt":{"rendered":"<p>Analyser pour d\u00e9cider avec clart\u00e9 Exemple concret Une entreprise artisanale souhaite d\u00e9velopper une nouvelle activit\u00e9 compl\u00e9mentaire. L\u2019\u00e9tude de faisabilit\u00e9 a permis de confirmer la coh\u00e9rence du projet, de d\u00e9finir un mod\u00e8le \u00e9conomique viable et de mobiliser des partenaires locaux pour soutenir le lancement. Evaluer la viabilit\u00e9 d&#8217;un projet avant de se lancer L\u2019\u00e9tude de faisabilit\u00e9 [&hellip;]<\/p>\n","protected":false},"author":1,"featured_media":0,"parent":0,"menu_order":0,"comment_status":"closed","ping_status":"closed","template":"","meta":{"_themeisle_gutenberg_block_has_review":false,"footnotes":""},"class_list":["post-1596","page","type-page","status-publish","hentry"],"_links":{"self":[{"href":"https:\/\/action-territoire.fr\/index.php?rest_route=\/wp\/v2\/pages\/1596","targetHints":{"allow":["GET"]}}],"collection":[{"href":"https:\/\/action-territoire.fr\/index.php?rest_route=\/wp\/v2\/pages"}],"about":[{"href":"https:\/\/action-territoire.fr\/index.php?rest_route=\/wp\/v2\/types\/page"}],"author":[{"embeddable":true,"href":"https:\/\/action-territoire.fr\/index.php?rest_route=\/wp\/v2\/users\/1"}],"replies":[{"embeddable":true,"href":"https:\/\/action-territoire.fr\/index.php?rest_route=%2Fwp%2Fv2%2Fcomments&post=1596"}],"version-history":[{"count":26,"href":"https:\/\/action-territoire.fr\/index.php?rest_route=\/wp\/v2\/pages\/1596\/revisions"}],"predecessor-version":[{"id":1983,"href":"https:\/\/action-territoire.fr\/index.php?rest_route=\/wp\/v2\/pages\/1596\/revisions\/1983"}],"wp:attachment":[{"href":"https:\/\/action-territoire.fr\/index.php?rest_route=%2Fwp%2Fv2%2Fmedia&parent=1596"}],"curies":[{"name":"wp","href":"https:\/\/api.w.org\/{rel}","templated":true}]}}