{"id":745,"date":"2025-10-29T13:24:03","date_gmt":"2025-10-29T13:24:03","guid":{"rendered":"https:\/\/action-territoire.fr\/?page_id=745"},"modified":"2025-12-01T09:28:21","modified_gmt":"2025-12-01T09:28:21","slug":"financement","status":"publish","type":"page","link":"https:\/\/action-territoire.fr\/?page_id=745","title":{"rendered":"Activer la RSE"},"content":{"rendered":"\t\t<div data-elementor-type=\"wp-page\" data-elementor-id=\"745\" class=\"elementor elementor-745\">\n\t\t\t\t<div class=\"elementor-element elementor-element-afbd478 e-flex e-con-boxed e-con e-parent\" data-id=\"afbd478\" data-element_type=\"container\">\n\t\t\t\t\t<div class=\"e-con-inner\">\n\t\t<div class=\"elementor-element elementor-element-9391d73 e-con-full e-flex e-con e-child\" data-id=\"9391d73\" data-element_type=\"container\">\n\t\t\t\t<div class=\"elementor-element elementor-element-2c9127c elementor-widget elementor-widget-text-editor\" data-id=\"2c9127c\" data-element_type=\"widget\" data-widget_type=\"text-editor.default\">\n\t\t\t\t\t\t\t\t\t<h3>Responsabilit\u00e9 Soci\u00e9tale des Entreprises<\/h2>\n<h2><\/h2>\t\t\t\t\t\t\t\t<\/div>\n\t\t\t\t<div class=\"elementor-element elementor-element-d498ff9 elementor-widget__width-initial elementor-invisible elementor-widget elementor-widget-image\" data-id=\"d498ff9\" data-element_type=\"widget\" data-settings=\"{&quot;_animation&quot;:&quot;fadeInDown&quot;}\" data-widget_type=\"image.default\">\n\t\t\t\t\t\t\t\t\t\t\t\t\t\t\t<img fetchpriority=\"high\" decoding=\"async\" width=\"300\" height=\"300\" src=\"https:\/\/action-territoire.fr\/wp-content\/uploads\/2025\/11\/RSEWIDG-300x300.png\" class=\"attachment-medium size-medium wp-image-1238\" alt=\"\" srcset=\"https:\/\/action-territoire.fr\/wp-content\/uploads\/2025\/11\/RSEWIDG-300x300.png 300w, https:\/\/action-territoire.fr\/wp-content\/uploads\/2025\/11\/RSEWIDG-150x150.png 150w, https:\/\/action-territoire.fr\/wp-content\/uploads\/2025\/11\/RSEWIDG-768x768.png 768w, https:\/\/action-territoire.fr\/wp-content\/uploads\/2025\/11\/RSEWIDG-600x600.png 600w, https:\/\/action-territoire.fr\/wp-content\/uploads\/2025\/11\/RSEWIDG-100x100.png 100w, https:\/\/action-territoire.fr\/wp-content\/uploads\/2025\/11\/RSEWIDG.png 1024w\" sizes=\"(max-width: 300px) 100vw, 300px\" \/>\t\t\t\t\t\t\t\t\t\t\t\t\t\t\t<\/div>\n\t\t\t\t<div class=\"elementor-element elementor-element-ad16d75 elementor-widget elementor-widget-text-editor\" data-id=\"ad16d75\" data-element_type=\"widget\" data-widget_type=\"text-editor.default\">\n\t\t\t\t\t\t\t\t\t<h4>Exemple concret\t\t\t\t\t\t\t\t<\/div>\n\t\t\t\t<div class=\"elementor-element elementor-element-f122a88 elementor-widget elementor-widget-text-editor\" data-id=\"f122a88\" data-element_type=\"widget\" data-widget_type=\"text-editor.default\">\n\t\t\t\t\t\t\t\t\t<p style=\"font-weight: 400;\">Une entreprise du b\u00e2timent en zone rurale souhaitait fid\u00e9liser son \u00e9quipe et mieux valoriser son image locale.<\/p><p style=\"font-weight: 400;\">En structurant ses pratiques autour de la RSE, tri des mat\u00e9riaux, suivi \u00e9nerg\u00e9tique, partenariats avec un lyc\u00e9e professionnel, elle a renforc\u00e9 la coh\u00e9sion interne et gagn\u00e9 en reconnaissance aupr\u00e8s de ses clients.<\/p>\t\t\t\t\t\t\t\t<\/div>\n\t\t\t\t<\/div>\n\t\t<div class=\"elementor-element elementor-element-0c2e436 e-con-full e-flex e-con e-child\" data-id=\"0c2e436\" data-element_type=\"container\">\n\t\t<div class=\"elementor-element elementor-element-d85294a e-con-full e-flex e-con e-child\" data-id=\"d85294a\" data-element_type=\"container\">\n\t\t\t\t<div class=\"elementor-element elementor-element-3333480 elementor-widget elementor-widget-text-editor\" data-id=\"3333480\" data-element_type=\"widget\" data-widget_type=\"text-editor.default\">\n\t\t\t\t\t\t\t\t\t<h4><strong>Faire de la RSE<\/strong><strong>\u00a0un levier de d<\/strong><strong>\u00e9<\/strong><strong>veloppement<\/strong><\/h4>\t\t\t\t\t\t\t\t<\/div>\n\t\t\t\t<\/div>\n\t\t<div class=\"elementor-element elementor-element-bede8cd e-con-full e-flex e-con e-child\" data-id=\"bede8cd\" data-element_type=\"container\">\n\t\t\t\t<div class=\"elementor-element elementor-element-5a0a9e1 elementor-widget elementor-widget-text-editor\" data-id=\"5a0a9e1\" data-element_type=\"widget\" data-widget_type=\"text-editor.default\">\n\t\t\t\t\t\t\t\t\t<p><b>Engager une d\u00e9marche RSE<\/b> n\u2019est pas une contrainte pour les TPE et PME : c\u2019est un <b>choix strat\u00e9gique<\/b>.<\/p><p>Les entreprises locales sont souvent d\u00e9j\u00e0 <b>actrices de la responsabilit\u00e9<\/b> : <b>ancrage territorial<\/b>, <b>emploi de proximit\u00e9<\/b>, <b>relations durables<\/b> avec les partenaires\u2026<\/p><p><b>Structurer<\/b> ces pratiques dans une d\u00e9marche RSE, c\u2019est leur donner de la <b>coh\u00e9rence<\/b>, de la <b>visibilit\u00e9<\/b> et de la <b>valeur<\/b> : pour les clients, les partenaires, les financeurs.<\/p><p><b>Objectif<\/b><b><\/b><\/p><p><b>Identifier<\/b> les enjeux prioritaires de l\u2019entreprise, <b>traduire<\/b> ses valeurs en <b>actions concr\u00e8tes<\/b> et <b>renforcer<\/b> son positionnement responsable aupr\u00e8s de ses clients et partenaires.<\/p><p>Faire de la RSE un <b>outil de pilotage clair<\/b>, <b>adapt\u00e9<\/b> aux ressources et au <b>rythme<\/b> de la structure.<\/p>\t\t\t\t\t\t\t\t<\/div>\n\t\t\t\t<div class=\"elementor-element elementor-element-bf91c0a elementor-widget elementor-widget-text-editor\" data-id=\"bf91c0a\" data-element_type=\"widget\" data-widget_type=\"text-editor.default\">\n\t\t\t\t\t\t\t\t\t<h4>Contenu de l&#8217;accompagnement\t\t\t\t\t\t\t\t<\/div>\n\t\t\t\t<div class=\"elementor-element elementor-element-0300308 elementor-widget elementor-widget-text-editor\" data-id=\"0300308\" data-element_type=\"widget\" data-widget_type=\"text-editor.default\">\n\t\t\t\t\t\t\t\t\t<p><b>Diagnostic simplifi\u00e9<\/b> selon les enjeux du secteur et la taille de l\u2019entreprise<\/p><p><b>Identification<\/b> des <b>leviers d\u2019action<\/b> \u00e0 court et moyen terme<\/p><p><b>Construction<\/b> d\u2019un <b>plan d\u2019action<\/b> r\u00e9aliste et mesurable<\/p><p><b>Mise \u00e0 disposition<\/b> d\u2019<b>outils de suivi<\/b> et de <b>valorisation<\/b> des r\u00e9sultats<\/p><p><b>Int\u00e9gration progressive<\/b> de la RSE dans la <b>strat\u00e9gie d\u2019entreprise<\/b><b><\/b><\/p><p>Action Territoire mobilise une <b>expertise RSE certifi\u00e9e<\/b>.<\/p>\t\t\t\t\t\t\t\t<\/div>\n\t\t\t\t<\/div>\n\t\t\t\t<\/div>\n\t\t\t\t\t<\/div>\n\t\t\t\t<\/div>\n\t\t<div class=\"elementor-element elementor-element-8f7aa64 e-flex e-con-boxed e-con e-parent\" data-id=\"8f7aa64\" data-element_type=\"container\">\n\t\t\t\t\t<div class=\"e-con-inner\">\n\t\t\t\t<div class=\"elementor-element elementor-element-96e2820 elementor-widget-divider--view-line elementor-widget elementor-widget-divider\" data-id=\"96e2820\" data-element_type=\"widget\" data-widget_type=\"divider.default\">\n\t\t\t\t\t\t\t<div class=\"elementor-divider\">\n\t\t\t<span class=\"elementor-divider-separator\">\n\t\t\t\t\t\t<\/span>\n\t\t<\/div>\n\t\t\t\t\t\t<\/div>\n\t\t\t\t<div class=\"elementor-element elementor-element-d866d1d elementor-widget elementor-widget-text-editor\" data-id=\"d866d1d\" data-element_type=\"widget\" data-widget_type=\"text-editor.default\">\n\t\t\t\t\t\t\t\t\t<h4>Passez \u00e0 l&#8217;action\t\t\t\t\t\t\t\t<\/div>\n\t\t\t\t<div class=\"elementor-element elementor-element-c06d9e7 elementor-widget elementor-widget-text-editor\" data-id=\"c06d9e7\" data-element_type=\"widget\" data-widget_type=\"text-editor.default\">\n\t\t\t\t\t\t\t\t\t<p>Faire de la RSE une contrainte, c\u2019est la subir. En faire un <b>levier<\/b>, c\u2019est la transformer en <b>ressource<\/b> pour le <b>d\u00e9veloppement<\/b>, la <b>reconnaissance<\/b> et la <b>p\u00e9rennit\u00e9<\/b> de l\u2019entreprise.<\/p><p>Action Territoire agit aux c\u00f4t\u00e9s des entreprises qui <b>travaillent leur positionnement responsable<\/b>.<\/p>\t\t\t\t\t\t\t\t<\/div>\n\t\t\t\t<div class=\"elementor-element elementor-element-27aff16 elementor-widget elementor-widget-button\" data-id=\"27aff16\" data-element_type=\"widget\" data-widget_type=\"button.default\">\n\t\t\t\t\t\t\t\t\t\t<a class=\"elementor-button elementor-button-link elementor-size-sm\" href=\"https:\/\/calendly.com\/lou-bourdon07\/30min?month=2025-11\">\n\t\t\t\t\t\t<span class=\"elementor-button-content-wrapper\">\n\t\t\t\t\t\t<span class=\"elementor-button-icon\">\n\t\t\t\t<svg aria-hidden=\"true\" class=\"e-font-icon-svg e-far-calendar\" viewBox=\"0 0 448 512\" xmlns=\"http:\/\/www.w3.org\/2000\/svg\"><path d=\"M400 64h-48V12c0-6.6-5.4-12-12-12h-40c-6.6 0-12 5.4-12 12v52H160V12c0-6.6-5.4-12-12-12h-40c-6.6 0-12 5.4-12 12v52H48C21.5 64 0 85.5 0 112v352c0 26.5 21.5 48 48 48h352c26.5 0 48-21.5 48-48V112c0-26.5-21.5-48-48-48zm-6 400H54c-3.3 0-6-2.7-6-6V160h352v298c0 3.3-2.7 6-6 6z\"><\/path><\/svg>\t\t\t<\/span>\n\t\t\t\t\t\t\t\t\t<span class=\"elementor-button-text\">Choisissez un cr\u00e9neau RDV flash gratuit<\/span>\n\t\t\t\t\t<\/span>\n\t\t\t\t\t<\/a>\n\t\t\t\t\t\t\t\t<\/div>\n\t\t\t\t<div class=\"elementor-element elementor-element-54c8289 elementor-widget elementor-widget-spacer\" data-id=\"54c8289\" data-element_type=\"widget\" data-widget_type=\"spacer.default\">\n\t\t\t\t\t\t\t<div class=\"elementor-spacer\">\n\t\t\t<div class=\"elementor-spacer-inner\"><\/div>\n\t\t<\/div>\n\t\t\t\t\t\t<\/div>\n\t\t\t\t<div class=\"elementor-element elementor-element-b859a46 elementor-align-center elementor-widget elementor-widget-button\" data-id=\"b859a46\" data-element_type=\"widget\" data-widget_type=\"button.default\">\n\t\t\t\t\t\t\t\t\t\t<a class=\"elementor-button elementor-button-link elementor-size-sm\" href=\"https:\/\/action-territoire.fr\">\n\t\t\t\t\t\t<span class=\"elementor-button-content-wrapper\">\n\t\t\t\t\t\t\t\t\t<span class=\"elementor-button-text\">Accueil<\/span>\n\t\t\t\t\t<\/span>\n\t\t\t\t\t<\/a>\n\t\t\t\t\t\t\t\t<\/div>\n\t\t\t\t\t<\/div>\n\t\t\t\t<\/div>\n\t\t\t\t<\/div>\n\t\t","protected":false},"excerpt":{"rendered":"<p>Responsabilit\u00e9 Soci\u00e9tale des Entreprises Exemple concret Une entreprise du b\u00e2timent en zone rurale souhaitait fid\u00e9liser son \u00e9quipe et mieux valoriser son image locale. En structurant ses pratiques autour de la RSE, tri des mat\u00e9riaux, suivi \u00e9nerg\u00e9tique, partenariats avec un lyc\u00e9e professionnel, elle a renforc\u00e9 la coh\u00e9sion interne et gagn\u00e9 en reconnaissance aupr\u00e8s de ses clients. [&hellip;]<\/p>\n","protected":false},"author":1,"featured_media":0,"parent":0,"menu_order":0,"comment_status":"closed","ping_status":"closed","template":"","meta":{"_themeisle_gutenberg_block_has_review":false,"footnotes":""},"class_list":["post-745","page","type-page","status-publish","hentry"],"_links":{"self":[{"href":"https:\/\/action-territoire.fr\/index.php?rest_route=\/wp\/v2\/pages\/745","targetHints":{"allow":["GET"]}}],"collection":[{"href":"https:\/\/action-territoire.fr\/index.php?rest_route=\/wp\/v2\/pages"}],"about":[{"href":"https:\/\/action-territoire.fr\/index.php?rest_route=\/wp\/v2\/types\/page"}],"author":[{"embeddable":true,"href":"https:\/\/action-territoire.fr\/index.php?rest_route=\/wp\/v2\/users\/1"}],"replies":[{"embeddable":true,"href":"https:\/\/action-territoire.fr\/index.php?rest_route=%2Fwp%2Fv2%2Fcomments&post=745"}],"version-history":[{"count":234,"href":"https:\/\/action-territoire.fr\/index.php?rest_route=\/wp\/v2\/pages\/745\/revisions"}],"predecessor-version":[{"id":1977,"href":"https:\/\/action-territoire.fr\/index.php?rest_route=\/wp\/v2\/pages\/745\/revisions\/1977"}],"wp:attachment":[{"href":"https:\/\/action-territoire.fr\/index.php?rest_route=%2Fwp%2Fv2%2Fmedia&parent=745"}],"curies":[{"name":"wp","href":"https:\/\/api.w.org\/{rel}","templated":true}]}}