{"id":994,"date":"2025-10-29T19:41:54","date_gmt":"2025-10-29T19:41:54","guid":{"rendered":"https:\/\/action-territoire.fr\/?page_id=994"},"modified":"2025-11-02T00:12:18","modified_gmt":"2025-11-02T00:12:18","slug":"politique-de-confidentialite","status":"publish","type":"page","link":"https:\/\/action-territoire.fr\/?page_id=994","title":{"rendered":"Politique de confidentialit\u00e9"},"content":{"rendered":"\t\t<div data-elementor-type=\"wp-page\" data-elementor-id=\"994\" class=\"elementor elementor-994\">\n\t\t\t\t<div class=\"elementor-element elementor-element-337fea1 e-flex e-con-boxed e-con e-parent\" data-id=\"337fea1\" data-element_type=\"container\">\n\t\t\t\t\t<div class=\"e-con-inner\">\n\t\t<div class=\"elementor-element elementor-element-7913a42 e-con-full e-flex e-con e-child\" data-id=\"7913a42\" data-element_type=\"container\">\n\t\t\t\t<div class=\"elementor-element elementor-element-e16e4c2 elementor-widget elementor-widget-image\" data-id=\"e16e4c2\" data-element_type=\"widget\" data-widget_type=\"image.default\">\n\t\t\t\t\t\t\t\t\t\t\t\t\t\t\t<img decoding=\"async\" src=\"https:\/\/action-territoire.fr\/wp-content\/uploads\/2025\/10\/Design-sans-titre-2.png\" title=\"\" alt=\"\" loading=\"lazy\" \/>\t\t\t\t\t\t\t\t\t\t\t\t\t\t\t<\/div>\n\t\t\t\t<div class=\"elementor-element elementor-element-f4c39fc elementor-widget elementor-widget-image\" data-id=\"f4c39fc\" data-element_type=\"widget\" data-widget_type=\"image.default\">\n\t\t\t\t\t\t\t\t\t\t\t\t\t\t\t<img decoding=\"async\" src=\"https:\/\/action-territoire.fr\/wp-content\/uploads\/2025\/10\/logo.png\" title=\"\" alt=\"\" loading=\"lazy\" \/>\t\t\t\t\t\t\t\t\t\t\t\t\t\t\t<\/div>\n\t\t\t\t<div class=\"elementor-element elementor-element-b6e6532 elementor-widget elementor-widget-text-editor\" data-id=\"b6e6532\" data-element_type=\"widget\" data-widget_type=\"text-editor.default\">\n\t\t\t\t\t\t\t\t\t<p>Lorem ipsum dolor sit amet, consectetur adipiscing elit. Ut elit tellus, luctus nec ullamcorper mattis, pulvinar dapibus leo.<\/p>\t\t\t\t\t\t\t\t<\/div>\n\t\t\t\t<\/div>\n\t\t<div class=\"elementor-element elementor-element-0f66b4d e-con-full e-flex e-con e-child\" data-id=\"0f66b4d\" data-element_type=\"container\">\n\t\t<div class=\"elementor-element elementor-element-2ecfb3a e-con-full e-flex e-con e-child\" data-id=\"2ecfb3a\" data-element_type=\"container\">\n\t\t\t\t<div class=\"elementor-element elementor-element-1201396 elementor-widget elementor-widget-text-editor\" data-id=\"1201396\" data-element_type=\"widget\" data-widget_type=\"text-editor.default\">\n\t\t\t\t\t\t\t\t\t<p style=\"font-weight: 400;\"><strong>Collecte et utilisation des donn<\/strong><strong>\u00e9<\/strong><strong>es<\/strong><\/p><p style=\"font-weight: 400;\">Le site Action Territoire <a href=\"https:\/\/action-territoire.fr\">https:\/\/action-territoire.fr<\/a> ne collecte aucune donn\u00e9e personnelle sans le consentement explicite de l\u2019utilisateur.<\/p><p style=\"font-weight: 400;\">Les seules donn\u00e9es pouvant \u00eatre recueillies proviennent :<\/p><p style=\"font-weight: 400;\">-d\u2019un <strong>formulaire de contact<\/strong> (nom, pr\u00e9nom, adresse mail, message), utilis\u00e9es uniquement pour r\u00e9pondre \u00e0 la demande ;<\/p><p style=\"font-weight: 400;\">-d\u2019une <strong>inscription volontaire <\/strong><strong>\u00e0<\/strong><strong> une newsletter<\/strong>\u00a0<\/p><p style=\"font-weight: 400;\">Ces donn\u00e9es ne sont <strong>ni vendues, ni transmises<\/strong> \u00e0 des tiers.<\/p><p style=\"font-weight: 400;\"><strong>H<\/strong><strong>\u00e9<\/strong><strong>bergement et s<\/strong><strong>\u00e9<\/strong><strong>curit<\/strong><strong>\u00e9<\/strong><\/p><p style=\"font-weight: 400;\">Le site est h\u00e9berg\u00e9 par <strong>OVH SAS <a href=\"https:\/\/www.ovhcloud.com\/fr\/personal-data-protection\/legal-privacy-security\/\">https:\/\/www.ovhcloud.com\/fr\/personal-data-protection\/legal-privacy-security\/<\/a><\/strong>, entreprise fran\u00e7aise conforme au RGPD.<\/p><p style=\"font-weight: 400;\">Toutes les mesures techniques et organisationnelles sont mises en \u0153uvre pour assurer la s\u00e9curit\u00e9 des donn\u00e9es (chiffrement, pare-feu, mises \u00e0 jour r\u00e9guli\u00e8res)<\/p><p style=\"font-weight: 400;\"><strong>Dur<\/strong><strong>\u00e9<\/strong><strong>e de conservation<\/strong><\/p><p style=\"font-weight: 400;\">Les informations transmises par formulaire sont conserv\u00e9es le temps n\u00e9cessaire au traitement de la demande, puis supprim\u00e9es.<\/p><p style=\"font-weight: 400;\"><strong>Droits des utilisateurs<\/strong><\/p><p style=\"font-weight: 400;\">Conform\u00e9ment au R\u00e8glement G\u00e9n\u00e9ral sur la Protection des Donn\u00e9es (RGPD), toute personne dispose d\u2019un droit d\u2019acc\u00e8s, de rectification et de suppression de ses donn\u00e9es personnelles.<\/p><p style=\"font-weight: 400;\">Pour exercer ces droits, il suffit d\u2019en faire la demande par mail \u00e0 :<\/p><div><span class=\"agcmg\">contact@action-territoire.fr<\/span><\/div><p style=\"font-weight: 400;\"><strong>Cookies<\/strong><\/p><p style=\"font-weight: 400;\">Le site <a href=\"https:\/\/action-territoire.fr\">https:\/\/action-territoire.fr<\/a>\u00a0n\u2019utilise pas de cookies de suivi ni de publicit\u00e9.<\/p><p style=\"font-weight: 400;\">Seuls les cookies strictement n\u00e9cessaires au bon fonctionnement du site (li\u00e9s \u00e0 WordPress ou OVH) peuvent \u00eatre install\u00e9s automatiquement.<\/p><p style=\"font-weight: 400;\">Ils ne permettent en aucun cas de suivre la navigation des utilisateurs.<\/p><p style=\"margin: 0px; font-style: normal; font-variant-caps: normal; font-width: normal; font-size: 13px; line-height: normal; font-family: '.SF NS Semibold'; font-size-adjust: none; font-kerning: auto; font-variant-alternates: normal; font-variant-ligatures: normal; font-variant-numeric: normal; font-variant-east-asian: normal; font-variant-position: normal; font-variant-emoji: normal; font-feature-settings: normal; font-optical-sizing: auto; font-variation-settings: normal;\"><span style=\"font-style: normal; font-variant-caps: normal; font-width: normal; line-height: normal; font-family: system-ui; font-size-adjust: none; font-kerning: auto; font-variant-alternates: normal; font-variant-ligatures: normal; font-variant-numeric: normal; font-variant-east-asian: normal; font-variant-position: normal; font-variant-emoji: normal; font-feature-settings: normal; font-optical-sizing: auto; font-variation-settings: normal;\"><b>Partenaires externes<\/b><b><\/b><\/span><\/p><p style=\"margin: 0px; font-style: normal; font-variant-caps: normal; font-width: normal; font-size: 13px; line-height: normal; font-family: system-ui; font-size-adjust: none; font-kerning: auto; font-variant-alternates: normal; font-variant-ligatures: normal; font-variant-numeric: normal; font-variant-east-asian: normal; font-variant-position: normal; font-variant-emoji: normal; font-feature-settings: normal; font-optical-sizing: auto; font-variation-settings: normal; min-height: 16px;\">\u00a0<\/p><p style=\"margin: 0px; font-style: normal; font-variant-caps: normal; font-width: normal; font-size: 13px; line-height: normal; font-family: '.SF NS Semibold'; font-size-adjust: none; font-kerning: auto; font-variant-alternates: normal; font-variant-ligatures: normal; font-variant-numeric: normal; font-variant-east-asian: normal; font-variant-position: normal; font-variant-emoji: normal; font-feature-settings: normal; font-optical-sizing: auto; font-variation-settings: normal;\"><span style=\"font-style: normal; font-variant-caps: normal; font-width: normal; line-height: normal; font-family: system-ui; font-size-adjust: none; font-kerning: auto; font-variant-alternates: normal; font-variant-ligatures: normal; font-variant-numeric: normal; font-variant-east-asian: normal; font-variant-position: normal; font-variant-emoji: normal; font-feature-settings: normal; font-optical-sizing: auto; font-variation-settings: normal;\"><b>Prise de rendez-vous via Calendly<\/b><b><\/b><\/span><\/p><p style=\"margin: 0px; font-style: normal; font-variant-caps: normal; font-width: normal; font-size: 13px; line-height: normal; font-family: system-ui; font-size-adjust: none; font-kerning: auto; font-variant-alternates: normal; font-variant-ligatures: normal; font-variant-numeric: normal; font-variant-east-asian: normal; font-variant-position: normal; font-variant-emoji: normal; font-feature-settings: normal; font-optical-sizing: auto; font-variation-settings: normal;\">Action Territoire utilise le service <b>Calendly<\/b> pour la planification de rendez-vous en ligne.<\/p><p style=\"margin: 0px; font-style: normal; font-variant-caps: normal; font-width: normal; font-size: 13px; line-height: normal; font-family: system-ui; font-size-adjust: none; font-kerning: auto; font-variant-alternates: normal; font-variant-ligatures: normal; font-variant-numeric: normal; font-variant-east-asian: normal; font-variant-position: normal; font-variant-emoji: normal; font-feature-settings: normal; font-optical-sizing: auto; font-variation-settings: normal;\">Ce service permet de simplifier la prise de contact et la gestion des cr\u00e9neaux disponibles.<\/p><p style=\"margin: 0px; font-style: normal; font-variant-caps: normal; font-width: normal; font-size: 13px; line-height: normal; font-family: system-ui; font-size-adjust: none; font-kerning: auto; font-variant-alternates: normal; font-variant-ligatures: normal; font-variant-numeric: normal; font-variant-east-asian: normal; font-variant-position: normal; font-variant-emoji: normal; font-feature-settings: normal; font-optical-sizing: auto; font-variation-settings: normal; min-height: 16px;\">\u00a0<\/p><p style=\"margin: 0px; font-style: normal; font-variant-caps: normal; font-width: normal; font-size: 13px; line-height: normal; font-family: system-ui; font-size-adjust: none; font-kerning: auto; font-variant-alternates: normal; font-variant-ligatures: normal; font-variant-numeric: normal; font-variant-east-asian: normal; font-variant-position: normal; font-variant-emoji: normal; font-feature-settings: normal; font-optical-sizing: auto; font-variation-settings: normal;\">Les donn\u00e9es transmises lors de la r\u00e9servation (nom, pr\u00e9nom, adresse e-mail, informations compl\u00e9mentaires \u00e9ventuelles) sont utilis\u00e9es <b>exclusivement<\/b> pour organiser le rendez-vous demand\u00e9.<\/p><p style=\"margin: 0px; font-style: normal; font-variant-caps: normal; font-width: normal; font-size: 13px; line-height: normal; font-family: system-ui; font-size-adjust: none; font-kerning: auto; font-variant-alternates: normal; font-variant-ligatures: normal; font-variant-numeric: normal; font-variant-east-asian: normal; font-variant-position: normal; font-variant-emoji: normal; font-feature-settings: normal; font-optical-sizing: auto; font-variation-settings: normal;\">Ces donn\u00e9es sont temporairement h\u00e9berg\u00e9es par <b>Calendly LLC<\/b>, dont les serveurs sont situ\u00e9s aux <b>\u00c9tats-Unis<\/b>.<\/p><p style=\"margin: 0px; font-style: normal; font-variant-caps: normal; font-width: normal; font-size: 13px; line-height: normal; font-family: system-ui; font-size-adjust: none; font-kerning: auto; font-variant-alternates: normal; font-variant-ligatures: normal; font-variant-numeric: normal; font-variant-east-asian: normal; font-variant-position: normal; font-variant-emoji: normal; font-feature-settings: normal; font-optical-sizing: auto; font-variation-settings: normal; min-height: 16px;\">\u00a0<\/p><p style=\"margin: 0px; font-style: normal; font-variant-caps: normal; font-width: normal; font-size: 13px; line-height: normal; font-family: system-ui; font-size-adjust: none; font-kerning: auto; font-variant-alternates: normal; font-variant-ligatures: normal; font-variant-numeric: normal; font-variant-east-asian: normal; font-variant-position: normal; font-variant-emoji: normal; font-feature-settings: normal; font-optical-sizing: auto; font-variation-settings: normal;\">L\u2019utilisation de Calendly peut entra\u00eener un transfert de donn\u00e9es \u00e0 caract\u00e8re personnel <b>hors de l\u2019Union europ\u00e9enne<\/b>.<\/p><p style=\"margin: 0px; font-style: normal; font-variant-caps: normal; font-width: normal; font-size: 13px; line-height: normal; font-family: system-ui; font-size-adjust: none; font-kerning: auto; font-variant-alternates: normal; font-variant-ligatures: normal; font-variant-numeric: normal; font-variant-east-asian: normal; font-variant-position: normal; font-variant-emoji: normal; font-feature-settings: normal; font-optical-sizing: auto; font-variation-settings: normal;\">Action Territoire invite toute personne souhaitant en savoir plus \u00e0 consulter la politique de confidentialit\u00e9 de Calendly, disponible \u00e0 l\u2019adresse suivante :<\/p><p style=\"margin: 0px; font-style: normal; font-variant-caps: normal; font-width: normal; font-size: 13px; line-height: normal; font-family: system-ui; font-size-adjust: none; font-kerning: auto; font-variant-alternates: normal; font-variant-ligatures: normal; font-variant-numeric: normal; font-variant-east-asian: normal; font-variant-position: normal; font-variant-emoji: normal; font-feature-settings: normal; font-optical-sizing: auto; font-variation-settings: normal;\">https:\/\/calendly.com\/privacy<\/p><p style=\"margin: 0px; font-style: normal; font-variant-caps: normal; font-width: normal; font-size: 13px; line-height: normal; font-family: system-ui; font-size-adjust: none; font-kerning: auto; font-variant-alternates: normal; font-variant-ligatures: normal; font-variant-numeric: normal; font-variant-east-asian: normal; font-variant-position: normal; font-variant-emoji: normal; font-feature-settings: normal; font-optical-sizing: auto; font-variation-settings: normal; min-height: 16px;\">\u00a0<\/p><p style=\"margin: 0px; font-style: normal; font-variant-caps: normal; font-width: normal; font-size: 13px; line-height: normal; font-family: system-ui; font-size-adjust: none; font-kerning: auto; font-variant-alternates: normal; font-variant-ligatures: normal; font-variant-numeric: normal; font-variant-east-asian: normal; font-variant-position: normal; font-variant-emoji: normal; font-feature-settings: normal; font-optical-sizing: auto; font-variation-settings: normal;\">Aucune donn\u00e9e collect\u00e9e via Calendly n\u2019est utilis\u00e9e \u00e0 d\u2019autres fins ni partag\u00e9e avec des tiers.<\/p><p style=\"font-weight: 400;\">\u00a0<\/p>\t\t\t\t\t\t\t\t<\/div>\n\t\t\t\t<\/div>\n\t\t\t\t<\/div>\n\t\t\t\t\t<\/div>\n\t\t\t\t<\/div>\n\t\t<div class=\"elementor-element elementor-element-6662f47 e-flex e-con-boxed e-con e-parent\" data-id=\"6662f47\" data-element_type=\"container\">\n\t\t\t\t\t<div class=\"e-con-inner\">\n\t\t\t\t<div class=\"elementor-element elementor-element-409dcd4 elementor-align-center elementor-widget elementor-widget-button\" data-id=\"409dcd4\" data-element_type=\"widget\" data-widget_type=\"button.default\">\n\t\t\t\t\t\t\t\t\t\t<a class=\"elementor-button elementor-button-link elementor-size-sm\" href=\"https:\/\/action-territoire.fr\">\n\t\t\t\t\t\t<span class=\"elementor-button-content-wrapper\">\n\t\t\t\t\t\t\t\t\t<span class=\"elementor-button-text\">Accueil<\/span>\n\t\t\t\t\t<\/span>\n\t\t\t\t\t<\/a>\n\t\t\t\t\t\t\t\t<\/div>\n\t\t\t\t\t<\/div>\n\t\t\t\t<\/div>\n\t\t\t\t<\/div>\n\t\t","protected":false},"excerpt":{"rendered":"<p>Lorem ipsum dolor sit amet, consectetur adipiscing elit. Ut elit tellus, luctus nec ullamcorper mattis, pulvinar dapibus leo. Collecte et utilisation des donn\u00e9es Le site Action Territoire https:\/\/action-territoire.fr ne collecte aucune donn\u00e9e personnelle sans le consentement explicite de l\u2019utilisateur. Les seules donn\u00e9es pouvant \u00eatre recueillies proviennent : -d\u2019un formulaire de contact (nom, pr\u00e9nom, adresse mail, [&hellip;]<\/p>\n","protected":false},"author":1,"featured_media":0,"parent":0,"menu_order":0,"comment_status":"closed","ping_status":"closed","template":"","meta":{"_themeisle_gutenberg_block_has_review":false,"footnotes":""},"class_list":["post-994","page","type-page","status-publish","hentry"],"_links":{"self":[{"href":"https:\/\/action-territoire.fr\/index.php?rest_route=\/wp\/v2\/pages\/994","targetHints":{"allow":["GET"]}}],"collection":[{"href":"https:\/\/action-territoire.fr\/index.php?rest_route=\/wp\/v2\/pages"}],"about":[{"href":"https:\/\/action-territoire.fr\/index.php?rest_route=\/wp\/v2\/types\/page"}],"author":[{"embeddable":true,"href":"https:\/\/action-territoire.fr\/index.php?rest_route=\/wp\/v2\/users\/1"}],"replies":[{"embeddable":true,"href":"https:\/\/action-territoire.fr\/index.php?rest_route=%2Fwp%2Fv2%2Fcomments&post=994"}],"version-history":[{"count":34,"href":"https:\/\/action-territoire.fr\/index.php?rest_route=\/wp\/v2\/pages\/994\/revisions"}],"predecessor-version":[{"id":1358,"href":"https:\/\/action-territoire.fr\/index.php?rest_route=\/wp\/v2\/pages\/994\/revisions\/1358"}],"wp:attachment":[{"href":"https:\/\/action-territoire.fr\/index.php?rest_route=%2Fwp%2Fv2%2Fmedia&parent=994"}],"curies":[{"name":"wp","href":"https:\/\/api.w.org\/{rel}","templated":true}]}}